{"id":945,"date":"2016-08-22T00:24:31","date_gmt":"2016-08-22T00:24:31","guid":{"rendered":"https:\/\/oceanwp.org\/simple\/?page_id=17"},"modified":"2026-04-27T16:49:28","modified_gmt":"2026-04-27T16:49:28","slug":"home","status":"publish","type":"page","link":"https:\/\/aycacelikkapi.com.tr\/","title":{"rendered":"Home"},"content":{"rendered":"\t\t<div data-elementor-type=\"wp-page\" data-elementor-id=\"945\" class=\"elementor elementor-945\">\n\t\t\t\t\t\t<section class=\"elementor-section elementor-top-section elementor-element elementor-element-90e29c9 elementor-section-height-min-height elementor-section-boxed elementor-section-height-default elementor-section-items-middle\" data-id=\"90e29c9\" data-element_type=\"section\" data-e-type=\"section\" data-settings=\"{&quot;background_background&quot;:&quot;classic&quot;,&quot;shape_divider_bottom&quot;:&quot;wave-brush&quot;}\">\n\t\t\t\t\t<div class=\"elementor-shape elementor-shape-bottom\" aria-hidden=\"true\" data-negative=\"false\">\n\t\t\t<svg xmlns=\"http:\/\/www.w3.org\/2000\/svg\" viewBox=\"0 0 283.5 27.8\" preserveAspectRatio=\"none\">\n\t<path class=\"elementor-shape-fill\" d=\"M283.5,9.7c0,0-7.3,4.3-14,4.6c-6.8,0.3-12.6,0-20.9-1.5c-11.3-2-33.1-10.1-44.7-5.7\ts-12.1,4.6-18,7.4c-6.6,3.2-20,9.6-36.6,9.3C131.6,23.5,99.5,7.2,86.3,8c-1.4,0.1-6.6,0.8-10.5,2c-3.8,1.2-9.4,3.8-17,4.7\tc-3.2,0.4-8.3,1.1-14.2,0.9c-1.5-0.1-6.3-0.4-12-1.6c-5.7-1.2-11-3.1-15.8-3.7C6.5,9.2,0,10.8,0,10.8V0h283.5V9.7z M260.8,11.3\tc-0.7-1-2-0.4-4.3-0.4c-2.3,0-6.1-1.2-5.8-1.1c0.3,0.1,3.1,1.5,6,1.9C259.7,12.2,261.4,12.3,260.8,11.3z M242.4,8.6\tc0,0-2.4-0.2-5.6-0.9c-3.2-0.8-10.3-2.8-15.1-3.5c-8.2-1.1-15.8,0-15.1,0.1c0.8,0.1,9.6-0.6,17.6,1.1c3.3,0.7,9.3,2.2,12.4,2.7\tC239.9,8.7,242.4,8.6,242.4,8.6z M185.2,8.5c1.7-0.7-13.3,4.7-18.5,6.1c-2.1,0.6-6.2,1.6-10,2c-3.9,0.4-8.9,0.4-8.8,0.5\tc0,0.2,5.8,0.8,11.2,0c5.4-0.8,5.2-1.1,7.6-1.6C170.5,14.7,183.5,9.2,185.2,8.5z M199.1,6.9c0.2,0-0.8-0.4-4.8,1.1\tc-4,1.5-6.7,3.5-6.9,3.7c-0.2,0.1,3.5-1.8,6.6-3C197,7.5,199,6.9,199.1,6.9z M283,6c-0.1,0.1-1.9,1.1-4.8,2.5s-6.9,2.8-6.7,2.7\tc0.2,0,3.5-0.6,7.4-2.5C282.8,6.8,283.1,5.9,283,6z M31.3,11.6c0.1-0.2-1.9-0.2-4.5-1.2s-5.4-1.6-7.8-2C15,7.6,7.3,8.5,7.7,8.6\tC8,8.7,15.9,8.3,20.2,9.3c2.2,0.5,2.4,0.5,5.7,1.6S31.2,11.9,31.3,11.6z M73,9.2c0.4-0.1,3.5-1.6,8.4-2.6c4.9-1.1,8.9-0.5,8.9-0.8\tc0-0.3-1-0.9-6.2-0.3S72.6,9.3,73,9.2z M71.6,6.7C71.8,6.8,75,5.4,77.3,5c2.3-0.3,1.9-0.5,1.9-0.6c0-0.1-1.1-0.2-2.7,0.2\tC74.8,5.1,71.4,6.6,71.6,6.7z M93.6,4.4c0.1,0.2,3.5,0.8,5.6,1.8c2.1,1,1.8,0.6,1.9,0.5c0.1-0.1-0.8-0.8-2.4-1.3\tC97.1,4.8,93.5,4.2,93.6,4.4z M65.4,11.1c-0.1,0.3,0.3,0.5,1.9-0.2s2.6-1.3,2.2-1.2s-0.9,0.4-2.5,0.8C65.3,10.9,65.5,10.8,65.4,11.1\tz M34.5,12.4c-0.2,0,2.1,0.8,3.3,0.9c1.2,0.1,2,0.1,2-0.2c0-0.3-0.1-0.5-1.6-0.4C36.6,12.8,34.7,12.4,34.5,12.4z M152.2,21.1\tc-0.1,0.1-2.4-0.3-7.5-0.3c-5,0-13.6-2.4-17.2-3.5c-3.6-1.1,10,3.9,16.5,4.1C150.5,21.6,152.3,21,152.2,21.1z\"\/>\n\t<path class=\"elementor-shape-fill\" d=\"M269.6,18c-0.1-0.1-4.6,0.3-7.2,0c-7.3-0.7-17-3.2-16.6-2.9c0.4,0.3,13.7,3.1,17,3.3\tC267.7,18.8,269.7,18,269.6,18z\"\/>\n\t<path class=\"elementor-shape-fill\" d=\"M227.4,9.8c-0.2-0.1-4.5-1-9.5-1.2c-5-0.2-12.7,0.6-12.3,0.5c0.3-0.1,5.9-1.8,13.3-1.2\tS227.6,9.9,227.4,9.8z\"\/>\n\t<path class=\"elementor-shape-fill\" d=\"M204.5,13.4c-0.1-0.1,2-1,3.2-1.1c1.2-0.1,2,0,2,0.3c0,0.3-0.1,0.5-1.6,0.4\tC206.4,12.9,204.6,13.5,204.5,13.4z\"\/>\n\t<path class=\"elementor-shape-fill\" d=\"M201,10.6c0-0.1-4.4,1.2-6.3,2.2c-1.9,0.9-6.2,3.1-6.1,3.1c0.1,0.1,4.2-1.6,6.3-2.6\tS201,10.7,201,10.6z\"\/>\n\t<path class=\"elementor-shape-fill\" d=\"M154.5,26.7c-0.1-0.1-4.6,0.3-7.2,0c-7.3-0.7-17-3.2-16.6-2.9c0.4,0.3,13.7,3.1,17,3.3\tC152.6,27.5,154.6,26.8,154.5,26.7z\"\/>\n\t<path class=\"elementor-shape-fill\" d=\"M41.9,19.3c0,0,1.2-0.3,2.9-0.1c1.7,0.2,5.8,0.9,8.2,0.7c4.2-0.4,7.4-2.7,7-2.6\tc-0.4,0-4.3,2.2-8.6,1.9c-1.8-0.1-5.1-0.5-6.7-0.4S41.9,19.3,41.9,19.3z\"\/>\n\t<path class=\"elementor-shape-fill\" d=\"M75.5,12.6c0.2,0.1,2-0.8,4.3-1.1c2.3-0.2,2.1-0.3,2.1-0.5c0-0.1-1.8-0.4-3.4,0\tC76.9,11.5,75.3,12.5,75.5,12.6z\"\/>\n\t<path class=\"elementor-shape-fill\" d=\"M15.6,13.2c0-0.1,4.3,0,6.7,0.5c2.4,0.5,5,1.9,5,2c0,0.1-2.7-0.8-5.1-1.4\tC19.9,13.7,15.7,13.3,15.6,13.2z\"\/>\n<\/svg>\t\t<\/div>\n\t\t\t\t\t<div class=\"elementor-container elementor-column-gap-default\">\n\t\t\t\t\t<div class=\"elementor-column elementor-col-50 elementor-top-column elementor-element elementor-element-25da772\" data-id=\"25da772\" data-element_type=\"column\" data-e-type=\"column\">\n\t\t\t<div class=\"elementor-widget-wrap elementor-element-populated\">\n\t\t\t\t\t\t<div class=\"elementor-element elementor-element-a0632a0 no-margin elementor-widget elementor-widget-heading\" data-id=\"a0632a0\" data-element_type=\"widget\" data-e-type=\"widget\" data-widget_type=\"heading.default\">\n\t\t\t\t\t<p class=\"elementor-heading-title elementor-size-default\">ay\u00e7a<\/p>\t\t\t\t<\/div>\n\t\t\t\t<div class=\"elementor-element elementor-element-fff0a5b no-margin elementor-widget elementor-widget-heading\" data-id=\"fff0a5b\" data-element_type=\"widget\" data-e-type=\"widget\" data-widget_type=\"heading.default\">\n\t\t\t\t\t<h1 class=\"elementor-heading-title elementor-size-default\">\u00e7elik kap\u0131<\/h1>\t\t\t\t<\/div>\n\t\t\t\t<div class=\"elementor-element elementor-element-6eb2517 elementor-widget elementor-widget-text-editor\" data-id=\"6eb2517\" data-element_type=\"widget\" data-e-type=\"widget\" data-widget_type=\"text-editor.default\">\n\t\t\t\t\t\t\t\t\t<p>Kayseri<\/p>\t\t\t\t\t\t\t\t<\/div>\n\t\t\t\t<div class=\"elementor-element elementor-element-58689b2 elementor-align-center elementor-widget elementor-widget-button\" data-id=\"58689b2\" data-element_type=\"widget\" data-e-type=\"widget\" data-widget_type=\"button.default\">\n\t\t\t\t\t\t\t\t\t\t<a class=\"elementor-button elementor-button-link elementor-size-md\" href=\"#\">\n\t\t\t\t\t\t<span class=\"elementor-button-content-wrapper\">\n\t\t\t\t\t\t\t\t\t<span class=\"elementor-button-text\">Shop now<\/span>\n\t\t\t\t\t<\/span>\n\t\t\t\t\t<\/a>\n\t\t\t\t\t\t\t\t<\/div>\n\t\t\t\t\t<\/div>\n\t\t<\/div>\n\t\t\t\t<div class=\"elementor-column elementor-col-50 elementor-top-column elementor-element elementor-element-908b184\" data-id=\"908b184\" data-element_type=\"column\" data-e-type=\"column\">\n\t\t\t<div class=\"elementor-widget-wrap\">\n\t\t\t\t\t\t\t<\/div>\n\t\t<\/div>\n\t\t\t\t\t<\/div>\n\t\t<\/section>\n\t\t\t\t<section class=\"elementor-section elementor-top-section elementor-element elementor-element-cf8e39f elementor-section-boxed elementor-section-height-default elementor-section-height-default\" data-id=\"cf8e39f\" data-element_type=\"section\" data-e-type=\"section\" data-settings=\"{&quot;background_background&quot;:&quot;classic&quot;}\">\n\t\t\t\t\t\t<div class=\"elementor-container elementor-column-gap-default\">\n\t\t\t\t\t<div class=\"elementor-column elementor-col-33 elementor-top-column elementor-element elementor-element-cde85ff\" data-id=\"cde85ff\" data-element_type=\"column\" data-e-type=\"column\">\n\t\t\t<div class=\"elementor-widget-wrap elementor-element-populated\">\n\t\t\t\t\t\t<div class=\"elementor-element elementor-element-0102fcd oew-cta-style-inside oew-cta-valign-top oew-bg-transform oew-bg-transform-zoom-in elementor-widget elementor-widget-oew-call-to-action\" data-id=\"0102fcd\" data-element_type=\"widget\" data-e-type=\"widget\" data-widget_type=\"oew-call-to-action.default\">\n\t\t\t\t<div class=\"elementor-widget-container\">\n\t\t\t\t\t\r\n\t\t<div class=\"oew-cta\">\r\n\r\n\t\t\t\t\t\t\t<div class=\"oew-cta-bg-wrapper\">\r\n\t\t\t\t\t<div class=\"oew-cta-bg\" style=\"background-image: url(https:\/\/aycacelikkapi.com.tr\/wp-content\/uploads\/2026\/04\/ayca-celik-kapi-ana.png);\"><\/div>\r\n\t\t\t\t\t\t\t\t\t<\/div>\r\n\t\t\t\r\n\t\t\t<div class=\"oew-cta-inner\">\r\n\t\t\t\t\t\t\t\t\t<h2 class=\"oew-cta-title oew-cta-content\">\r\n\t\t\t\t\t\tSelected items\t\t\t\t\t<\/h2>\r\n\t\t\t\t\t\t\t\t\t<div class=\"oew-cta-description oew-cta-content\">Hot Summer<br>Deals<\/div>\r\n\t\t\t\t\t\t\t\t\t<div class=\"oew-cta-btn oew-cta-content\">\r\n\t\t\t\t\t\t<a class=\"button\" href=\"#\">\r\n\t\t\t\t\t\t\t<i aria-hidden=\"true\" class=\"\"><\/i>\t\t\t\t\t\t\t<span>Shop now<\/span>\r\n\t\t\t\t\t\t\t\t\t\t\t\t\t<\/a>\r\n\r\n\t\t\t\t\t\t\t\t\t\t\t<\/div>\r\n\t\t\t\t\t\t\t<\/div>\r\n\t\t<\/div>\r\n\r\n\t\t\t\t\t<\/div>\n\t\t\t\t<\/div>\n\t\t\t\t<div class=\"elementor-element elementor-element-46ae1ff oew-cta-style-inside oew-cta-valign-top oew-bg-transform oew-bg-transform-zoom-in elementor-widget elementor-widget-oew-call-to-action\" data-id=\"46ae1ff\" data-element_type=\"widget\" data-e-type=\"widget\" data-widget_type=\"oew-call-to-action.default\">\n\t\t\t\t<div class=\"elementor-widget-container\">\n\t\t\t\t\t\r\n\t\t<div class=\"oew-cta\">\r\n\r\n\t\t\t\t\t\t\t<div class=\"oew-cta-bg-wrapper\">\r\n\t\t\t\t\t<div class=\"oew-cta-bg\" style=\"background-image: url(https:\/\/aycacelikkapi.com.tr\/wp-content\/uploads\/2026\/04\/ayca-celik-kapi-ana.png);\"><\/div>\r\n\t\t\t\t\t\t\t\t\t<\/div>\r\n\t\t\t\r\n\t\t\t<div class=\"oew-cta-inner\">\r\n\t\t\t\t\t\t\t\t\t<h2 class=\"oew-cta-title oew-cta-content\">\r\n\t\t\t\t\t\tSelected items\t\t\t\t\t<\/h2>\r\n\t\t\t\t\t\t\t\t\t<div class=\"oew-cta-description oew-cta-content\">Hot Summer<br>Deals<\/div>\r\n\t\t\t\t\t\t\t\t\t<div class=\"oew-cta-btn oew-cta-content\">\r\n\t\t\t\t\t\t<a class=\"button\" href=\"#\">\r\n\t\t\t\t\t\t\t<i aria-hidden=\"true\" class=\"\"><\/i>\t\t\t\t\t\t\t<span>Shop now<\/span>\r\n\t\t\t\t\t\t\t\t\t\t\t\t\t<\/a>\r\n\r\n\t\t\t\t\t\t\t\t\t\t\t<\/div>\r\n\t\t\t\t\t\t\t<\/div>\r\n\t\t<\/div>\r\n\r\n\t\t\t\t\t<\/div>\n\t\t\t\t<\/div>\n\t\t\t\t\t<\/div>\n\t\t<\/div>\n\t\t\t\t<div class=\"elementor-column elementor-col-33 elementor-top-column elementor-element elementor-element-00cc9c0\" data-id=\"00cc9c0\" data-element_type=\"column\" data-e-type=\"column\">\n\t\t\t<div class=\"elementor-widget-wrap elementor-element-populated\">\n\t\t\t\t\t\t<div class=\"elementor-element elementor-element-d117a9b oew-cta-style-inside oew-cta-valign-top oew-bg-transform oew-bg-transform-zoom-in elementor-widget elementor-widget-oew-call-to-action\" data-id=\"d117a9b\" data-element_type=\"widget\" data-e-type=\"widget\" data-widget_type=\"oew-call-to-action.default\">\n\t\t\t\t<div class=\"elementor-widget-container\">\n\t\t\t\t\t\r\n\t\t<div class=\"oew-cta\">\r\n\r\n\t\t\t\t\t\t\t<div class=\"oew-cta-bg-wrapper\">\r\n\t\t\t\t\t<div class=\"oew-cta-bg\" style=\"background-image: url(https:\/\/aycacelikkapi.com.tr\/wp-content\/uploads\/2026\/04\/ayca-ana-sayfa.png);\"><\/div>\r\n\t\t\t\t\t\t\t\t\t<\/div>\r\n\t\t\t\r\n\t\t\t<div class=\"oew-cta-inner\">\r\n\t\t\t\t\t\t\t\t\t<h2 class=\"oew-cta-title oew-cta-content\">\r\n\t\t\t\t\t\tSpecial treats\t\t\t\t\t<\/h2>\r\n\t\t\t\t\t\t\t\t\t<div class=\"oew-cta-description oew-cta-content\">For your true<br>love<\/div>\r\n\t\t\t\t\t\t\t\t\t<div class=\"oew-cta-btn oew-cta-content\">\r\n\t\t\t\t\t\t<a class=\"button\" href=\"#\">\r\n\t\t\t\t\t\t\t<i aria-hidden=\"true\" class=\"\"><\/i>\t\t\t\t\t\t\t<span>Shop now<\/span>\r\n\t\t\t\t\t\t\t\t\t\t\t\t\t<\/a>\r\n\r\n\t\t\t\t\t\t\t\t\t\t\t<\/div>\r\n\t\t\t\t\t\t\t<\/div>\r\n\t\t<\/div>\r\n\r\n\t\t\t\t\t<\/div>\n\t\t\t\t<\/div>\n\t\t\t\t<div class=\"elementor-element elementor-element-edb996e oew-cta-style-inside oew-cta-valign-top oew-bg-transform oew-bg-transform-zoom-in elementor-widget elementor-widget-oew-call-to-action\" data-id=\"edb996e\" data-element_type=\"widget\" data-e-type=\"widget\" data-widget_type=\"oew-call-to-action.default\">\n\t\t\t\t<div class=\"elementor-widget-container\">\n\t\t\t\t\t\r\n\t\t<div class=\"oew-cta\">\r\n\r\n\t\t\t\t\t\t\t<div class=\"oew-cta-bg-wrapper\">\r\n\t\t\t\t\t<div class=\"oew-cta-bg\" style=\"background-image: url(https:\/\/aycacelikkapi.com.tr\/wp-content\/uploads\/2026\/04\/ayca-ana-sayfa.png);\"><\/div>\r\n\t\t\t\t\t\t\t\t\t<\/div>\r\n\t\t\t\r\n\t\t\t<div class=\"oew-cta-inner\">\r\n\t\t\t\t\t\t\t\t\t<h2 class=\"oew-cta-title oew-cta-content\">\r\n\t\t\t\t\t\tSpecial treats\t\t\t\t\t<\/h2>\r\n\t\t\t\t\t\t\t\t\t<div class=\"oew-cta-description oew-cta-content\">For your true<br>love<\/div>\r\n\t\t\t\t\t\t\t\t\t<div class=\"oew-cta-btn oew-cta-content\">\r\n\t\t\t\t\t\t<a class=\"button\" href=\"#\">\r\n\t\t\t\t\t\t\t<i aria-hidden=\"true\" class=\"\"><\/i>\t\t\t\t\t\t\t<span>Shop now<\/span>\r\n\t\t\t\t\t\t\t\t\t\t\t\t\t<\/a>\r\n\r\n\t\t\t\t\t\t\t\t\t\t\t<\/div>\r\n\t\t\t\t\t\t\t<\/div>\r\n\t\t<\/div>\r\n\r\n\t\t\t\t\t<\/div>\n\t\t\t\t<\/div>\n\t\t\t\t\t<\/div>\n\t\t<\/div>\n\t\t\t\t<div class=\"elementor-column elementor-col-33 elementor-top-column elementor-element elementor-element-672a4d5\" data-id=\"672a4d5\" data-element_type=\"column\" data-e-type=\"column\">\n\t\t\t<div class=\"elementor-widget-wrap elementor-element-populated\">\n\t\t\t\t\t\t<div class=\"elementor-element elementor-element-cef31ee oew-cta-style-inside oew-cta-valign-top oew-bg-transform oew-bg-transform-zoom-in elementor-widget elementor-widget-oew-call-to-action\" data-id=\"cef31ee\" data-element_type=\"widget\" data-e-type=\"widget\" data-widget_type=\"oew-call-to-action.default\">\n\t\t\t\t<div class=\"elementor-widget-container\">\n\t\t\t\t\t\r\n\t\t<div class=\"oew-cta\">\r\n\r\n\t\t\t\t\t\t\t<div class=\"oew-cta-bg-wrapper\">\r\n\t\t\t\t\t<div class=\"oew-cta-bg\" style=\"background-image: url(https:\/\/aycacelikkapi.com.tr\/wp-content\/uploads\/2026\/04\/ayca-celik-kapi-ana.png);\"><\/div>\r\n\t\t\t\t\t\t\t\t\t<\/div>\r\n\t\t\t\r\n\t\t\t<div class=\"oew-cta-inner\">\r\n\t\t\t\t\t\t\t\t\t<h2 class=\"oew-cta-title oew-cta-content\">\r\n\t\t\t\t\t\tOnline Only\t\t\t\t\t<\/h2>\r\n\t\t\t\t\t\t\t\t\t<div class=\"oew-cta-description oew-cta-content\">The best Dog<br>products<\/div>\r\n\t\t\t\t\t\t\t\t\t<div class=\"oew-cta-btn oew-cta-content\">\r\n\t\t\t\t\t\t<a class=\"button\" href=\"#\">\r\n\t\t\t\t\t\t\t<i aria-hidden=\"true\" class=\"\"><\/i>\t\t\t\t\t\t\t<span>Shop now<\/span>\r\n\t\t\t\t\t\t\t\t\t\t\t\t\t<\/a>\r\n\r\n\t\t\t\t\t\t\t\t\t\t\t<\/div>\r\n\t\t\t\t\t\t\t<\/div>\r\n\t\t<\/div>\r\n\r\n\t\t\t\t\t<\/div>\n\t\t\t\t<\/div>\n\t\t\t\t<div class=\"elementor-element elementor-element-b9f119f oew-cta-style-inside oew-cta-valign-top oew-bg-transform oew-bg-transform-zoom-in elementor-widget elementor-widget-oew-call-to-action\" data-id=\"b9f119f\" data-element_type=\"widget\" data-e-type=\"widget\" data-widget_type=\"oew-call-to-action.default\">\n\t\t\t\t<div class=\"elementor-widget-container\">\n\t\t\t\t\t\r\n\t\t<div class=\"oew-cta\">\r\n\r\n\t\t\t\t\t\t\t<div class=\"oew-cta-bg-wrapper\">\r\n\t\t\t\t\t<div class=\"oew-cta-bg\" style=\"background-image: url(https:\/\/aycacelikkapi.com.tr\/wp-content\/uploads\/2026\/04\/ayca-celik-kapi-ana.png);\"><\/div>\r\n\t\t\t\t\t\t\t\t\t<\/div>\r\n\t\t\t\r\n\t\t\t<div class=\"oew-cta-inner\">\r\n\t\t\t\t\t\t\t\t\t<h2 class=\"oew-cta-title oew-cta-content\">\r\n\t\t\t\t\t\tOnline Only\t\t\t\t\t<\/h2>\r\n\t\t\t\t\t\t\t\t\t<div class=\"oew-cta-description oew-cta-content\">The best Dog<br>products<\/div>\r\n\t\t\t\t\t\t\t\t\t<div class=\"oew-cta-btn oew-cta-content\">\r\n\t\t\t\t\t\t<a class=\"button\" href=\"#\">\r\n\t\t\t\t\t\t\t<i aria-hidden=\"true\" class=\"\"><\/i>\t\t\t\t\t\t\t<span>Shop now<\/span>\r\n\t\t\t\t\t\t\t\t\t\t\t\t\t<\/a>\r\n\r\n\t\t\t\t\t\t\t\t\t\t\t<\/div>\r\n\t\t\t\t\t\t\t<\/div>\r\n\t\t<\/div>\r\n\r\n\t\t\t\t\t<\/div>\n\t\t\t\t<\/div>\n\t\t\t\t\t<\/div>\n\t\t<\/div>\n\t\t\t\t\t<\/div>\n\t\t<\/section>\n\t\t\t\t<section class=\"elementor-section elementor-top-section elementor-element elementor-element-33d61b89 elementor-section-boxed elementor-section-height-default elementor-section-height-default\" data-id=\"33d61b89\" data-element_type=\"section\" data-e-type=\"section\" data-settings=\"{&quot;background_background&quot;:&quot;classic&quot;}\">\n\t\t\t\t\t\t<div class=\"elementor-container elementor-column-gap-default\">\n\t\t\t\t\t<div class=\"elementor-column elementor-col-25 elementor-top-column elementor-element elementor-element-40d1beab\" data-id=\"40d1beab\" data-element_type=\"column\" data-e-type=\"column\">\n\t\t\t<div class=\"elementor-widget-wrap elementor-element-populated\">\n\t\t\t\t\t\t<div class=\"elementor-element elementor-element-575da41 elementor-position-top elementor-widget elementor-widget-image-box\" data-id=\"575da41\" data-element_type=\"widget\" data-e-type=\"widget\" data-widget_type=\"image-box.default\">\n\t\t\t\t\t<div class=\"elementor-image-box-wrapper\"><figure class=\"elementor-image-box-img\"><img decoding=\"async\" width=\"128\" height=\"128\" src=\"https:\/\/aycacelikkapi.com.tr\/wp-content\/uploads\/2022\/05\/002-shipped.png\" class=\"attachment-full size-full wp-image-1111\" alt=\"\" srcset=\"https:\/\/aycacelikkapi.com.tr\/wp-content\/uploads\/2022\/05\/002-shipped.png 128w, https:\/\/aycacelikkapi.com.tr\/wp-content\/uploads\/2022\/05\/002-shipped-100x100.png 100w\" sizes=\"(max-width: 128px) 100vw, 128px\" \/><\/figure><div class=\"elementor-image-box-content\"><h3 class=\"elementor-image-box-title\">Free shipping<\/h3><p class=\"elementor-image-box-description\">orders $100 and above<\/p><\/div><\/div>\t\t\t\t<\/div>\n\t\t\t\t\t<\/div>\n\t\t<\/div>\n\t\t\t\t<div class=\"elementor-column elementor-col-25 elementor-top-column elementor-element elementor-element-4091bb9c\" data-id=\"4091bb9c\" data-element_type=\"column\" data-e-type=\"column\">\n\t\t\t<div class=\"elementor-widget-wrap elementor-element-populated\">\n\t\t\t\t\t\t<div class=\"elementor-element elementor-element-444730f elementor-position-top elementor-widget elementor-widget-image-box\" data-id=\"444730f\" data-element_type=\"widget\" data-e-type=\"widget\" data-widget_type=\"image-box.default\">\n\t\t\t\t\t<div class=\"elementor-image-box-wrapper\"><figure class=\"elementor-image-box-img\"><img decoding=\"async\" width=\"128\" height=\"128\" src=\"https:\/\/aycacelikkapi.com.tr\/wp-content\/uploads\/2022\/05\/001-return-of-investment.png\" class=\"attachment-full size-full wp-image-1112\" alt=\"\" srcset=\"https:\/\/aycacelikkapi.com.tr\/wp-content\/uploads\/2022\/05\/001-return-of-investment.png 128w, https:\/\/aycacelikkapi.com.tr\/wp-content\/uploads\/2022\/05\/001-return-of-investment-100x100.png 100w\" sizes=\"(max-width: 128px) 100vw, 128px\" \/><\/figure><div class=\"elementor-image-box-content\"><h3 class=\"elementor-image-box-title\">Free returns<\/h3><p class=\"elementor-image-box-description\">money-back guarantee<\/p><\/div><\/div>\t\t\t\t<\/div>\n\t\t\t\t\t<\/div>\n\t\t<\/div>\n\t\t\t\t<div class=\"elementor-column elementor-col-25 elementor-top-column elementor-element elementor-element-ade070b\" data-id=\"ade070b\" data-element_type=\"column\" data-e-type=\"column\">\n\t\t\t<div class=\"elementor-widget-wrap elementor-element-populated\">\n\t\t\t\t\t\t<div class=\"elementor-element elementor-element-b585877 elementor-position-top elementor-widget elementor-widget-image-box\" data-id=\"b585877\" data-element_type=\"widget\" data-e-type=\"widget\" data-widget_type=\"image-box.default\">\n\t\t\t\t\t<div class=\"elementor-image-box-wrapper\"><figure class=\"elementor-image-box-img\"><img decoding=\"async\" width=\"128\" height=\"128\" src=\"https:\/\/aycacelikkapi.com.tr\/wp-content\/uploads\/2022\/05\/003-price-tag.png\" class=\"attachment-full size-full wp-image-1110\" alt=\"\" srcset=\"https:\/\/aycacelikkapi.com.tr\/wp-content\/uploads\/2022\/05\/003-price-tag.png 128w, https:\/\/aycacelikkapi.com.tr\/wp-content\/uploads\/2022\/05\/003-price-tag-100x100.png 100w\" sizes=\"(max-width: 128px) 100vw, 128px\" \/><\/figure><div class=\"elementor-image-box-content\"><h3 class=\"elementor-image-box-title\">Customer Discounts<\/h3><p class=\"elementor-image-box-description\">40% OFF of your third order<\/p><\/div><\/div>\t\t\t\t<\/div>\n\t\t\t\t\t<\/div>\n\t\t<\/div>\n\t\t\t\t<div class=\"elementor-column elementor-col-25 elementor-top-column elementor-element elementor-element-272876dd\" data-id=\"272876dd\" data-element_type=\"column\" data-e-type=\"column\">\n\t\t\t<div class=\"elementor-widget-wrap elementor-element-populated\">\n\t\t\t\t\t\t<div class=\"elementor-element elementor-element-c24d333 elementor-position-top elementor-widget elementor-widget-image-box\" data-id=\"c24d333\" data-element_type=\"widget\" data-e-type=\"widget\" data-widget_type=\"image-box.default\">\n\t\t\t\t\t<div class=\"elementor-image-box-wrapper\"><figure class=\"elementor-image-box-img\"><img loading=\"lazy\" decoding=\"async\" width=\"128\" height=\"128\" src=\"https:\/\/aycacelikkapi.com.tr\/wp-content\/uploads\/2022\/05\/004-customer-support.png\" class=\"attachment-full size-full wp-image-1113\" alt=\"\" srcset=\"https:\/\/aycacelikkapi.com.tr\/wp-content\/uploads\/2022\/05\/004-customer-support.png 128w, https:\/\/aycacelikkapi.com.tr\/wp-content\/uploads\/2022\/05\/004-customer-support-100x100.png 100w\" sizes=\"(max-width: 128px) 100vw, 128px\" \/><\/figure><div class=\"elementor-image-box-content\"><h3 class=\"elementor-image-box-title\">Customer Support<\/h3><p class=\"elementor-image-box-description\">friendly agents at your service<\/p><\/div><\/div>\t\t\t\t<\/div>\n\t\t\t\t\t<\/div>\n\t\t<\/div>\n\t\t\t\t\t<\/div>\n\t\t<\/section>\n\t\t\t\t<\/div>\n\t\t","protected":false},"excerpt":{"rendered":"<p>ay\u00e7a \u00e7elik kap\u0131 Kayseri Shop now Selected items Hot SummerDeals Shop now Selected items Hot SummerDeals Shop now Special treats For your truelove Shop now Special treats For your truelove Shop now Online Only The best Dogproducts Shop now Online Only The best Dogproducts Shop now Free shipping orders $100 and above Free returns money-back [&hellip;]<\/p>\n","protected":false},"author":1,"featured_media":0,"parent":0,"menu_order":0,"comment_status":"closed","ping_status":"closed","template":"","meta":{"footnotes":""},"class_list":["post-945","page","type-page","status-publish","hentry","entry","owp-thumbs-layout-horizontal","owp-btn-big","owp-tabs-layout-vertical","has-no-thumbnails","has-product-nav"],"_links":{"self":[{"href":"https:\/\/aycacelikkapi.com.tr\/index.php?rest_route=\/wp\/v2\/pages\/945","targetHints":{"allow":["GET"]}}],"collection":[{"href":"https:\/\/aycacelikkapi.com.tr\/index.php?rest_route=\/wp\/v2\/pages"}],"about":[{"href":"https:\/\/aycacelikkapi.com.tr\/index.php?rest_route=\/wp\/v2\/types\/page"}],"author":[{"embeddable":true,"href":"https:\/\/aycacelikkapi.com.tr\/index.php?rest_route=\/wp\/v2\/users\/1"}],"replies":[{"embeddable":true,"href":"https:\/\/aycacelikkapi.com.tr\/index.php?rest_route=%2Fwp%2Fv2%2Fcomments&post=945"}],"version-history":[{"count":15,"href":"https:\/\/aycacelikkapi.com.tr\/index.php?rest_route=\/wp\/v2\/pages\/945\/revisions"}],"predecessor-version":[{"id":1243,"href":"https:\/\/aycacelikkapi.com.tr\/index.php?rest_route=\/wp\/v2\/pages\/945\/revisions\/1243"}],"wp:attachment":[{"href":"https:\/\/aycacelikkapi.com.tr\/index.php?rest_route=%2Fwp%2Fv2%2Fmedia&parent=945"}],"curies":[{"name":"wp","href":"https:\/\/api.w.org\/{rel}","templated":true}]}}